{"id":13,"date":"2015-01-17T15:06:42","date_gmt":"2015-01-17T14:06:42","guid":{"rendered":"https:\/\/www.jsv-bernau.de\/jsv\/?page_id=13"},"modified":"2015-05-24T01:23:20","modified_gmt":"2015-05-23T23:23:20","slug":"was-ist-judo","status":"publish","type":"page","link":"https:\/\/www.jsv-bernau.de\/jsv\/was-ist-judo\/","title":{"rendered":"Was ist Judo?"},"content":{"rendered":"<p class=\"intro\">Judo ist f\u00fcr jeden Menschen etwas anderes. F\u00fcr den einen macht es einfach nur Spa\u00df, f\u00fcr den anderen ist es ein Sport,\u00a0f\u00fcr den n\u00e4chsten ein Fitness-Programm oder ein Treff mit anderen Menschen, f\u00fcr viele ein (Wett)kampf mit anderen ohne schlagen und treten und manche sehen es als Selbstverteidigungstraining. Im Grunde ist es immer eine Kombination der genannten Dinge, wobei ein jeder seinen Fokus auf einen anderen Schwerpunkt legt. Doch im Grunde ist es alles zusammen.<\/p>\n<p>Das\u00a0Faszinierende\u00a0an der olympischen Sportart Judo ist, das ein Judoka nie auslernt. Denn selbst nach 30 Jahren Judotraining begegnen einem Judoka immer wieder neue Techniken oder Varianten einer Technik. Im Laufe der Zeit k\u00f6nnen Techniken durch Regel\u00e4nderungen oder trainingswissenschaftliche Aspekte ver\u00e4ndert oder angepasst werden. Die Ausf\u00fchrung einer Technik ist nie fehlerfrei, die F\u00e4higkeiten eines Judoka nie vollkommen. Judo ist eine Sportart, die wie kaum eine andere Sportart noch immer in enger Verbindung mit ihrem Ursprungsland steht. Es ist nicht nur die Kleidung der Judoka, eine Art Kimono mit G\u00fcrtel, sondern auch das feste Zeremoniell bei Wettk\u00e4mpfen und in Trainingseinheiten, das dieser Sportart eine ganz besondere Note verleiht.<\/p>\n<p>Auch wenn durch die Entwicklung der Wettkampfsportart Judo viele Bez\u00fcge zur fern\u00f6stlichen Philosophie an Bedeutung verloren gegangen sind, stehen zwei wichtige Judo-Prinzipien immer noch im Mittelpunkt: Siegen durch Nachgeben und gegenseitige R\u00fccksichtnahme. Ein Judoka nutzt offensive Aktionen seines Gegners f\u00fcr seinen Sieg aus. Damit gleicht der Judokampf oftmals einem Strategiespiel, bei dem beide K\u00e4mpfer taktieren und sich belauern, bevor einer der beiden blitzartig die Situation f\u00fcr einen Wurf oder eine erfolgreiche Aktion im Bodenkampf nutzt. Einen guten Judoka zeichnen Bescheidenheit, hohes Durchhalteverm\u00f6gen und einen enormen Lernwillen aus. Das sind Qualit\u00e4ten, die auch im Leben neben der Matte sehr hilfreich sind.<\/p>\n<p>Judo ist eine Sportart, die f\u00fcr jeden interessant\u00a0sein kann, f\u00fcr Jung und Alt, f\u00fcr Leistungs- wie Breitensportler, f\u00fcr Frauen wie M\u00e4nner und Menschen jeden K\u00f6rperbaus.\u00a0Durch den Verzicht auf unn\u00f6tige Gef\u00e4hrdungen und die Idee der klugen Kampff\u00fchrung ist Judo immer noch das, was es im Japanischen auch hei\u00dft: Der sanfte Weg.<\/p>\n","protected":false},"excerpt":{"rendered":"<p>Judo ist f\u00fcr jeden Menschen etwas anderes. F\u00fcr den einen macht es einfach nur Spa\u00df, f\u00fcr den anderen ist es ein Sport,\u00a0f\u00fcr den n\u00e4chsten ein Fitness-Programm oder ein Treff mit anderen Menschen, f\u00fcr viele ein (Wett)kampf mit anderen ohne schlagen und treten und manche sehen es als Selbstverteidigungstraining. Im Grunde ist es immer eine Kombination der genannten Dinge, wobei ein jeder seinen Fokus auf einen anderen Schwerpunkt legt. Doch im Grunde ist es alles zusammen. Das\u00a0Faszinierende\u00a0an der olympischen Sportart Judo ist, das ein Judoka nie auslernt. Denn selbst nach 30 Jahren Judotraining begegnen einem Judoka immer wieder neue Techniken oder Varianten einer Technik. Im Laufe der Zeit k\u00f6nnen Techniken durch Regel\u00e4nderungen oder trainingswissenschaftliche Aspekte ver\u00e4ndert oder angepasst werden. Die Ausf\u00fchrung einer Technik ist nie fehlerfrei, die F\u00e4higkeiten eines Judoka nie vollkommen. Judo ist eine Sportart, die wie kaum eine andere Sportart noch immer in enger Verbindung mit ihrem Ursprungsland steht. Es ist nicht nur die Kleidung der Judoka, eine Art Kimono mit G\u00fcrtel, sondern auch das feste Zeremoniell bei Wettk\u00e4mpfen und in Trainingseinheiten, das dieser &hellip;<\/p>\n","protected":false},"author":1,"featured_media":0,"parent":0,"menu_order":40,"comment_status":"closed","ping_status":"closed","template":"","meta":{"ngg_post_thumbnail":0},"_links":{"self":[{"href":"https:\/\/www.jsv-bernau.de\/jsv\/wp-json\/wp\/v2\/pages\/13"}],"collection":[{"href":"https:\/\/www.jsv-bernau.de\/jsv\/wp-json\/wp\/v2\/pages"}],"about":[{"href":"https:\/\/www.jsv-bernau.de\/jsv\/wp-json\/wp\/v2\/types\/page"}],"author":[{"embeddable":true,"href":"https:\/\/www.jsv-bernau.de\/jsv\/wp-json\/wp\/v2\/users\/1"}],"replies":[{"embeddable":true,"href":"https:\/\/www.jsv-bernau.de\/jsv\/wp-json\/wp\/v2\/comments?post=13"}],"version-history":[{"count":16,"href":"https:\/\/www.jsv-bernau.de\/jsv\/wp-json\/wp\/v2\/pages\/13\/revisions"}],"predecessor-version":[{"id":3880,"href":"https:\/\/www.jsv-bernau.de\/jsv\/wp-json\/wp\/v2\/pages\/13\/revisions\/3880"}],"wp:attachment":[{"href":"https:\/\/www.jsv-bernau.de\/jsv\/wp-json\/wp\/v2\/media?parent=13"}],"curies":[{"name":"wp","href":"https:\/\/api.w.org\/{rel}","templated":true}]}}