{"id":1400,"date":"2015-03-16T02:51:51","date_gmt":"2015-03-16T01:51:51","guid":{"rendered":"https:\/\/www.jsv-bernau.de\/jsv\/?page_id=1400"},"modified":"2019-05-07T13:16:07","modified_gmt":"2019-05-07T11:16:07","slug":"ue30","status":"publish","type":"page","link":"https:\/\/www.jsv-bernau.de\/jsv\/teams\/ue30\/","title":{"rendered":"\u00dc30"},"content":{"rendered":"<p>Die Mitglieder unseres \u00dc30-Teams aus Bernau sind eine bunt gemischte Truppe vom Dan-Tr\u00e4ger, der seit den Jugendjahren Judo trainiert, bis hin zum Neueinsteiger mit dem Wei\u00dfgurt. Neben Judo soll bei uns auch der Spa\u00df an der Bewegung und am Vereinsleben nicht zu kurz kommen. Jeder trainiert nach seiner k\u00f6rperlichen Leistungsf\u00e4higkeit; trotzdem wird mit Sicherheit jeder von unseren Trainern bis an die Leistungsgrenzen oder auch mal kurz dr\u00fcber hinaus gebracht.<\/p>\n<div id=\"attachment_3606\" style=\"width: 760px\" class=\"wp-caption aligncenter\"><a href=\"https:\/\/www.jsv-bernau.de\/jsv\/wp-content\/uploads\/page\/1400\/UE30_01.jpg\"><img loading=\"lazy\" decoding=\"async\" aria-describedby=\"caption-attachment-3606\" class=\"wp-image-3606 size-full\" src=\"https:\/\/www.jsv-bernau.de\/jsv\/wp-content\/uploads\/page\/1400\/UE30_01.jpg\" alt=\"JSV \u00dc30-Team 2015\" width=\"750\" height=\"500\" srcset=\"https:\/\/www.jsv-bernau.de\/jsv\/wp-content\/uploads\/page\/1400\/UE30_01.jpg 750w, https:\/\/www.jsv-bernau.de\/jsv\/wp-content\/uploads\/page\/1400\/UE30_01-420x280.jpg 420w\" sizes=\"auto, (max-width: 750px) 100vw, 750px\" \/><\/a><p id=\"caption-attachment-3606\" class=\"wp-caption-text\">JSV \u00dc30-Team 2015<\/p><\/div>\n<div id=\"attachment_6773\" style=\"width: 757px\" class=\"wp-caption aligncenter\"><a href=\"https:\/\/www.jsv-bernau.de\/jsv\/wp-content\/uploads\/page\/1400\/IMG_0350.jpg\"><img loading=\"lazy\" decoding=\"async\" aria-describedby=\"caption-attachment-6773\" class=\"wp-image-6773 size-medium\" src=\"https:\/\/www.jsv-bernau.de\/jsv\/wp-content\/uploads\/page\/1400\/IMG_0350-747x560.jpg\" alt=\"JSV \u00dc30-Team 2017\" width=\"747\" height=\"560\" srcset=\"https:\/\/www.jsv-bernau.de\/jsv\/wp-content\/uploads\/page\/1400\/IMG_0350-747x560.jpg 747w, https:\/\/www.jsv-bernau.de\/jsv\/wp-content\/uploads\/page\/1400\/IMG_0350-768x576.jpg 768w, https:\/\/www.jsv-bernau.de\/jsv\/wp-content\/uploads\/page\/1400\/IMG_0350-1067x800.jpg 1067w\" sizes=\"auto, (max-width: 747px) 100vw, 747px\" \/><\/a><p id=\"caption-attachment-6773\" class=\"wp-caption-text\">JSV \u00dc30-Team 2017<\/p><\/div>\n<p>Regelm\u00e4\u00dfig fahren wir in gemeinsam organisierte Trainingslager nach Ruhlsdorf oder in die Sportschulen Lindow und Kienbaum. Neben dem Judo-Sport versuchen wir uns dort auch in anderen Sportarten, wie Schwimmen und Volleyball, oder laden uns einen Referenten f\u00fcr Selbstverteidigungstraining ein. Selbstverst\u00e4ndlich gibt es auch in den Altersklassen ab \u00dc30 Wettk\u00e4mpfe. Regelm\u00e4\u00dfig nehmen einige von uns daran teil. Ein paar&nbsp;Impressionen&nbsp;davon m\u00f6chten wir euch noch zeigen.<\/p>\n<h2>Impressionen aus unserem Training<\/h2>\n<hr>\n<div class=\"three-columns-one\">\n<div id=\"attachment_3607\" style=\"width: 677px\" class=\"wp-caption aligncenter\"><a href=\"https:\/\/www.jsv-bernau.de\/jsv\/wp-content\/uploads\/page\/1400\/UE30_02.jpg\"><img loading=\"lazy\" decoding=\"async\" aria-describedby=\"caption-attachment-3607\" class=\"wp-image-3607 size-full\" title=\"Training in Kienbaum\" src=\"https:\/\/www.jsv-bernau.de\/jsv\/wp-content\/uploads\/page\/1400\/UE30_02.jpg\" alt=\"UE30_02\" width=\"667\" height=\"500\"><\/a><p id=\"caption-attachment-3607\" class=\"wp-caption-text\">Training in Kienbaum<\/p><\/div>\n<\/div><div class=\"three-columns-one\">\n<div id=\"attachment_3608\" style=\"width: 677px\" class=\"wp-caption aligncenter\"><a href=\"https:\/\/www.jsv-bernau.de\/jsv\/wp-content\/uploads\/page\/1400\/UE30_03.jpg\"><img loading=\"lazy\" decoding=\"async\" aria-describedby=\"caption-attachment-3608\" class=\"wp-image-3608 size-full\" title=\"Randori in Kienbaum\" src=\"https:\/\/www.jsv-bernau.de\/jsv\/wp-content\/uploads\/page\/1400\/UE30_03.jpg\" alt=\"UE30_03\" width=\"667\" height=\"500\"><\/a><p id=\"caption-attachment-3608\" class=\"wp-caption-text\">Randori in Kienbaum<\/p><\/div>\n<\/div><div class=\"three-columns-one last\">\n<div id=\"attachment_3609\" style=\"width: 677px\" class=\"wp-caption aligncenter\"><a href=\"https:\/\/www.jsv-bernau.de\/jsv\/wp-content\/uploads\/page\/1400\/UE30_04.jpg\"><img loading=\"lazy\" decoding=\"async\" aria-describedby=\"caption-attachment-3609\" class=\"wp-image-3609 size-full\" title=\"Bodenkampfszene in Kienbaum\" src=\"https:\/\/www.jsv-bernau.de\/jsv\/wp-content\/uploads\/page\/1400\/UE30_04.jpg\" alt=\"UE30_04\" width=\"667\" height=\"500\"><\/a><p id=\"caption-attachment-3609\" class=\"wp-caption-text\">Bodenkampfszene in Kienbaum<\/p><\/div>\n<\/div><div class=\"divider\"><\/div><br \/>\n<div class=\"three-columns-one\">\n<div id=\"attachment_3610\" style=\"width: 677px\" class=\"wp-caption aligncenter\"><a href=\"https:\/\/www.jsv-bernau.de\/jsv\/wp-content\/uploads\/page\/1400\/UE30_05.jpg\"><img loading=\"lazy\" decoding=\"async\" aria-describedby=\"caption-attachment-3610\" class=\"wp-image-3610 size-full\" title=\"Kienbaum im Herbst 2014\" src=\"https:\/\/www.jsv-bernau.de\/jsv\/wp-content\/uploads\/page\/1400\/UE30_05.jpg\" alt=\"UE30_05\" width=\"667\" height=\"500\"><\/a><p id=\"caption-attachment-3610\" class=\"wp-caption-text\">Kienbaum im Herbst 2014<\/p><\/div>\n<\/div><div class=\"three-columns-one\">\n<div id=\"attachment_3611\" style=\"width: 677px\" class=\"wp-caption aligncenter\"><a href=\"https:\/\/www.jsv-bernau.de\/jsv\/wp-content\/uploads\/page\/1400\/UE30_06.jpg\"><img loading=\"lazy\" decoding=\"async\" aria-describedby=\"caption-attachment-3611\" class=\"wp-image-3611 size-full\" title=\"Selbstverteidigungstraining in Ruhlsdorf\" src=\"https:\/\/www.jsv-bernau.de\/jsv\/wp-content\/uploads\/page\/1400\/UE30_06.jpg\" alt=\"UE30_06\" width=\"667\" height=\"500\"><\/a><p id=\"caption-attachment-3611\" class=\"wp-caption-text\">Selbstverteidigungstraining in Ruhlsdorf<\/p><\/div>\n<\/div><div class=\"three-columns-one last\">\n<div id=\"attachment_3612\" style=\"width: 677px\" class=\"wp-caption aligncenter\"><a href=\"https:\/\/www.jsv-bernau.de\/jsv\/wp-content\/uploads\/page\/1400\/UE30_07.jpg\"><img loading=\"lazy\" decoding=\"async\" aria-describedby=\"caption-attachment-3612\" class=\"wp-image-3612 size-full\" title=\"Unsere Mannschaft zur Deutschen Meisterschaft 2015\" src=\"https:\/\/www.jsv-bernau.de\/jsv\/wp-content\/uploads\/page\/1400\/UE30_07.jpg\" alt=\"UE30_07\" width=\"667\" height=\"500\"><\/a><p id=\"caption-attachment-3612\" class=\"wp-caption-text\">Unsere Mannschaft zur Deutschen Meisterschaft 2015<\/p><\/div>\n<\/div><\/p>\n","protected":false},"excerpt":{"rendered":"<p>Die Mitglieder unseres \u00dc30-Teams aus Bernau sind eine bunt gemischte Truppe vom Dan-Tr\u00e4ger, der seit den Jugendjahren Judo trainiert, bis hin zum Neueinsteiger mit dem Wei\u00dfgurt. Neben Judo soll bei uns auch der Spa\u00df an der Bewegung und am Vereinsleben nicht zu kurz kommen. Jeder trainiert nach seiner k\u00f6rperlichen Leistungsf\u00e4higkeit; trotzdem wird mit Sicherheit jeder von unseren Trainern bis an die Leistungsgrenzen oder auch mal kurz dr\u00fcber hinaus gebracht. Regelm\u00e4\u00dfig fahren wir in gemeinsam organisierte Trainingslager nach Ruhlsdorf oder in die Sportschulen Lindow und Kienbaum. Neben dem Judo-Sport versuchen wir uns dort auch in anderen Sportarten, wie Schwimmen und Volleyball, oder laden uns einen Referenten f\u00fcr Selbstverteidigungstraining ein. Selbstverst\u00e4ndlich gibt es auch in den Altersklassen ab \u00dc30 Wettk\u00e4mpfe. Regelm\u00e4\u00dfig nehmen einige von uns daran teil. Ein paar&nbsp;Impressionen&nbsp;davon m\u00f6chten wir euch noch zeigen. Impressionen aus unserem Training<\/p>\n","protected":false},"author":1,"featured_media":0,"parent":1365,"menu_order":34,"comment_status":"closed","ping_status":"closed","template":"","meta":{"ngg_post_thumbnail":0,"jetpack_post_was_ever_published":false,"footnotes":""},"class_list":["post-1400","page","type-page","status-publish","hentry"],"jetpack_shortlink":"https:\/\/wp.me\/P5TGCK-mA","jetpack_sharing_enabled":true,"_links":{"self":[{"href":"https:\/\/www.jsv-bernau.de\/jsv\/wp-json\/wp\/v2\/pages\/1400","targetHints":{"allow":["GET"]}}],"collection":[{"href":"https:\/\/www.jsv-bernau.de\/jsv\/wp-json\/wp\/v2\/pages"}],"about":[{"href":"https:\/\/www.jsv-bernau.de\/jsv\/wp-json\/wp\/v2\/types\/page"}],"author":[{"embeddable":true,"href":"https:\/\/www.jsv-bernau.de\/jsv\/wp-json\/wp\/v2\/users\/1"}],"replies":[{"embeddable":true,"href":"https:\/\/www.jsv-bernau.de\/jsv\/wp-json\/wp\/v2\/comments?post=1400"}],"version-history":[{"count":14,"href":"https:\/\/www.jsv-bernau.de\/jsv\/wp-json\/wp\/v2\/pages\/1400\/revisions"}],"predecessor-version":[{"id":6775,"href":"https:\/\/www.jsv-bernau.de\/jsv\/wp-json\/wp\/v2\/pages\/1400\/revisions\/6775"}],"up":[{"embeddable":true,"href":"https:\/\/www.jsv-bernau.de\/jsv\/wp-json\/wp\/v2\/pages\/1365"}],"wp:attachment":[{"href":"https:\/\/www.jsv-bernau.de\/jsv\/wp-json\/wp\/v2\/media?parent=1400"}],"curies":[{"name":"wp","href":"https:\/\/api.w.org\/{rel}","templated":true}]}}