{"id":1408,"date":"2015-03-16T02:53:10","date_gmt":"2015-03-16T01:53:10","guid":{"rendered":"https:\/\/www.jsv-bernau.de\/jsv\/?page_id=1408"},"modified":"2016-11-29T15:14:51","modified_gmt":"2016-11-29T14:14:51","slug":"anfaenger","status":"publish","type":"page","link":"https:\/\/www.jsv-bernau.de\/jsv\/teams\/anfaenger\/","title":{"rendered":"Unsere Anf\u00e4nger-Teams"},"content":{"rendered":"<h2>Bei uns lernt ihr spielend Judo!<\/h2>\n<p>In den Anf\u00e4ngergruppen (5 bis 7 Jahre) des JSV Bernau werden spielerisch die ersten Grundlagen f\u00fcr den Judosport erarbeitet, hierbei hat jedoch die Schulung koordinativer F\u00e4higkeiten und der Ausdauer ein gr\u00f6\u00dferes Gewicht. Angelehnt an das Konzept &#8211; Judo spielend Lernen \u2013 werden die Inhalte der Pr\u00fcfungsordnung vermittelt und die Judowerte, wie z.B. Respekt, Freundschaft und Mut, gelebt.<\/p>\n<h2>Anf\u00e4nger aus\u00a0Bernau<\/h2>\n<div id=\"attachment_4691\" style=\"width: 850px\" class=\"wp-caption alignnone\"><a href=\"https:\/\/www.jsv-bernau.de\/jsv\/wp-content\/uploads\/page\/1408\/team_anfaenger_bernau_2016.jpg\"><img loading=\"lazy\" decoding=\"async\" aria-describedby=\"caption-attachment-4691\" class=\"wp-image-4691 size-large\" src=\"https:\/\/www.jsv-bernau.de\/jsv\/wp-content\/uploads\/page\/1408\/team_anfaenger_bernau_2016-1067x800.jpg\" alt=\"JSV Team Anf\u00e4nger\" width=\"840\" height=\"630\" srcset=\"https:\/\/www.jsv-bernau.de\/jsv\/wp-content\/uploads\/page\/1408\/team_anfaenger_bernau_2016-1067x800.jpg 1067w, https:\/\/www.jsv-bernau.de\/jsv\/wp-content\/uploads\/page\/1408\/team_anfaenger_bernau_2016-747x560.jpg 747w, https:\/\/www.jsv-bernau.de\/jsv\/wp-content\/uploads\/page\/1408\/team_anfaenger_bernau_2016-768x576.jpg 768w, https:\/\/www.jsv-bernau.de\/jsv\/wp-content\/uploads\/page\/1408\/team_anfaenger_bernau_2016.jpg 1600w\" sizes=\"auto, (max-width: 840px) 100vw, 840px\" \/><\/a><p id=\"caption-attachment-4691\" class=\"wp-caption-text\">Unser Anf\u00e4nger-Team aus Bernau<\/p><\/div>\n<p>&nbsp;<\/p>\n<hr \/>\n<h2>Anf\u00e4nger aus Zepernick<\/h2>\n<div id=\"attachment_1801\" style=\"width: 850px\" class=\"wp-caption alignnone\"><a href=\"https:\/\/www.jsv-bernau.de\/jsv\/wp-content\/uploads\/page\/1408\/team_anfaenger_1200x800px.jpg\"><img loading=\"lazy\" decoding=\"async\" aria-describedby=\"caption-attachment-1801\" class=\"wp-image-1801 size-medium\" src=\"https:\/\/www.jsv-bernau.de\/jsv\/wp-content\/uploads\/page\/1408\/team_anfaenger_1200x800px-840x560.jpg\" alt=\"JSV Team Anf\u00e4nger\" width=\"840\" height=\"560\" srcset=\"https:\/\/www.jsv-bernau.de\/jsv\/wp-content\/uploads\/page\/1408\/team_anfaenger_1200x800px-840x560.jpg 840w, https:\/\/www.jsv-bernau.de\/jsv\/wp-content\/uploads\/page\/1408\/team_anfaenger_1200x800px-420x280.jpg 420w, https:\/\/www.jsv-bernau.de\/jsv\/wp-content\/uploads\/page\/1408\/team_anfaenger_1200x800px.jpg 1200w\" sizes=\"auto, (max-width: 840px) 100vw, 840px\" \/><\/a><p id=\"caption-attachment-1801\" class=\"wp-caption-text\">Unser Anf\u00e4nger-Team aus Zepernick<\/p><\/div>\n<p>&nbsp;<\/p>\n<hr \/>\n<h2>Anf\u00e4nger aus\u00a0Sch\u00f6now<\/h2>\n<div id=\"attachment_1737\" style=\"width: 850px\" class=\"wp-caption alignnone\"><a href=\"https:\/\/www.jsv-bernau.de\/jsv\/wp-content\/uploads\/post\/1475\/platzhalter_2100x800_2.jpg\"><img loading=\"lazy\" decoding=\"async\" aria-describedby=\"caption-attachment-1737\" class=\"wp-image-1737 size-medium\" src=\"https:\/\/www.jsv-bernau.de\/jsv\/wp-content\/uploads\/post\/1475\/platzhalter_2100x800_2-840x560.jpg\" alt=\"\" width=\"840\" height=\"560\" srcset=\"https:\/\/www.jsv-bernau.de\/jsv\/wp-content\/uploads\/post\/1475\/platzhalter_2100x800_2-840x560.jpg 840w, https:\/\/www.jsv-bernau.de\/jsv\/wp-content\/uploads\/post\/1475\/platzhalter_2100x800_2-420x280.jpg 420w, https:\/\/www.jsv-bernau.de\/jsv\/wp-content\/uploads\/post\/1475\/platzhalter_2100x800_2.jpg 1200w\" sizes=\"auto, (max-width: 840px) 100vw, 840px\" \/><\/a><p id=\"caption-attachment-1737\" class=\"wp-caption-text\">Bald pr\u00e4sentiert sich hier unser Anf\u00e4nger-Team aus Sch\u00f6now<\/p><\/div>\n","protected":false},"excerpt":{"rendered":"<p>Bei uns lernt ihr spielend Judo! In den Anf\u00e4ngergruppen (5 bis 7 Jahre) des JSV Bernau werden spielerisch die ersten Grundlagen f\u00fcr den Judosport erarbeitet, hierbei hat jedoch die Schulung koordinativer F\u00e4higkeiten und der Ausdauer ein gr\u00f6\u00dferes Gewicht. Angelehnt an das Konzept &#8211; Judo spielend Lernen \u2013 werden die Inhalte der Pr\u00fcfungsordnung vermittelt und die Judowerte, wie z.B. Respekt, Freundschaft und Mut, gelebt. Anf\u00e4nger aus\u00a0Bernau &nbsp; Anf\u00e4nger aus Zepernick &nbsp; Anf\u00e4nger aus\u00a0Sch\u00f6now<\/p>\n","protected":false},"author":19,"featured_media":0,"parent":1365,"menu_order":38,"comment_status":"closed","ping_status":"closed","template":"","meta":{"ngg_post_thumbnail":0,"jetpack_post_was_ever_published":false,"footnotes":""},"class_list":["post-1408","page","type-page","status-publish","hentry"],"jetpack_shortlink":"https:\/\/wp.me\/P5TGCK-mI","jetpack_sharing_enabled":true,"_links":{"self":[{"href":"https:\/\/www.jsv-bernau.de\/jsv\/wp-json\/wp\/v2\/pages\/1408","targetHints":{"allow":["GET"]}}],"collection":[{"href":"https:\/\/www.jsv-bernau.de\/jsv\/wp-json\/wp\/v2\/pages"}],"about":[{"href":"https:\/\/www.jsv-bernau.de\/jsv\/wp-json\/wp\/v2\/types\/page"}],"author":[{"embeddable":true,"href":"https:\/\/www.jsv-bernau.de\/jsv\/wp-json\/wp\/v2\/users\/19"}],"replies":[{"embeddable":true,"href":"https:\/\/www.jsv-bernau.de\/jsv\/wp-json\/wp\/v2\/comments?post=1408"}],"version-history":[{"count":15,"href":"https:\/\/www.jsv-bernau.de\/jsv\/wp-json\/wp\/v2\/pages\/1408\/revisions"}],"predecessor-version":[{"id":5363,"href":"https:\/\/www.jsv-bernau.de\/jsv\/wp-json\/wp\/v2\/pages\/1408\/revisions\/5363"}],"up":[{"embeddable":true,"href":"https:\/\/www.jsv-bernau.de\/jsv\/wp-json\/wp\/v2\/pages\/1365"}],"wp:attachment":[{"href":"https:\/\/www.jsv-bernau.de\/jsv\/wp-json\/wp\/v2\/media?parent=1408"}],"curies":[{"name":"wp","href":"https:\/\/api.w.org\/{rel}","templated":true}]}}