{"id":15,"date":"2015-01-17T15:07:20","date_gmt":"2015-01-17T14:07:20","guid":{"rendered":"https:\/\/www.jsv-bernau.de\/jsv\/?page_id=15"},"modified":"2025-11-09T20:33:13","modified_gmt":"2025-11-09T19:33:13","slug":"ueber-uns","status":"publish","type":"page","link":"https:\/\/www.jsv-bernau.de\/jsv\/verein\/ueber-uns\/","title":{"rendered":"\u00dcber uns"},"content":{"rendered":"<p><span class=\"dropcap\">U<\/span>nser Verein ist am 2. Mai 1990 als Polizeisportverein Bernau e.V. (PSV Bernau) gegr\u00fcndet worden. Am 6. Oktober 2014 beschloss die Mitgliederversammlung die Umbenennung des PSV Bernau in den <strong>Judo Sportverein Bernau e.V.<\/strong> (JSV Bernau). Durch die Namens\u00e4nderung soll die Sportart Judo weiter in den Fokus der \u00f6ffentlichen Wahrnehmung ger\u00fcckt und eine st\u00e4rkere Eigenst\u00e4ndigkeit demonstriert werden. Von Anfang an hatte der <strong>Kinder- und Jugendsport<\/strong> einen <strong>sehr hohen Stellenwert<\/strong>.<\/p>\n<p>Die Vereinsgeschichte geht jedoch bis auf die <strong>seit M\u00e4rz 1956<\/strong> bestehende Sektion Judo der SG Dynamo Bernau zur\u00fcck. Dies war die <strong>Geburtsstunde des Judosports <\/strong>in Bernau. Schon bald galten die Judoka aus Bernau im damaligen Bezirk Frankfurt (Oder) (ehemalige DDR) als \u00e4u\u00dferst kampfstark. Von Anfang an hatte der Kinder- und Jugendsport einen sehr hohen Stellenwert. F\u00fcr besonders leistungsstarke Judoka im Kinder- und Jugendbereich wurde im Jahr 1973 das Trainingszentrum (TZ) JUDO der SG Dynamo Bernau gebildet. Ein wesentliches Ziel war die Delegierung der besten Sportler an die Kinder- und Jugend-Sportschule (KJS). Einen ma\u00dfgeblich hohen Anteil an der Judogeschichte in Bernau hatte der hauptamtliche <strong>TZ-Trainer G\u00fcnter Seidler<\/strong>. Mit seinen \u00dcbungsleitern pr\u00e4gte er ganze Generationen junger Sportlerpers\u00f6nlichkeiten.<br \/>\n<div class=\"two-columns-one\">\n<div id=\"attachment_431\" style=\"width: 310px\" class=\"wp-caption aligncenter\"><img loading=\"lazy\" decoding=\"async\" aria-describedby=\"caption-attachment-431\" class=\"wp-image-431 size-full\" src=\"https:\/\/www.jsv-bernau.de\/jsv\/wp-content\/uploads\/page\/15\/praesidium.jpg\" alt=\"Pr\u00e4sidium zur Mitgliederversammlung 2004\" width=\"300\" height=\"225\" \/><p id=\"caption-attachment-431\" class=\"wp-caption-text\">Pr\u00e4sidium zur Mitgliederversammlung 2004<\/p><\/div>\n<\/div><div class=\"two-columns-one last\">\n<div id=\"attachment_432\" style=\"width: 310px\" class=\"wp-caption aligncenter\"><img loading=\"lazy\" decoding=\"async\" aria-describedby=\"caption-attachment-432\" class=\"wp-image-432 size-full\" style=\"font-family: 'Helvetica Neue', Helvetica, Arial, sans-serif; font-size: 0.8125rem; line-height: 1.4;\" src=\"https:\/\/www.jsv-bernau.de\/jsv\/wp-content\/uploads\/page\/15\/bodenkampf.jpg\" alt=\"Bodenkampfszene\" width=\"300\" height=\"175\" \/><p id=\"caption-attachment-432\" class=\"wp-caption-text\">Bodenkampfszene<\/p><\/div>\n<\/div><div class=\"divider\"><\/div><\/p>\n<h4>Die erfolgreichsten Judoka aus Bernau waren:<\/h4>\n<ul>\n<li>Dieter Moch (1973 zur Sportschule delegiert) Vize-Junioren-Europameister<\/li>\n<li>Andreas Grutza (1974 delegiert) Gewinner des Europapokals mit dem SC Dynamo Hoppegarten<\/li>\n<li>Lutz Kunze \u2020 (1977 delegiert) Jugend- und Junioren-Europameister<\/li>\n<li>Stefanie Ritter (1981 als erste weibliche Judok\u00e4mpferin delegiert)<\/li>\n<\/ul>\n<h4>Gegenw\u00e4rtig lernen und trainieren folgende Sportler vom JSV Bernau e.V. an den Olympiast\u00fctzpunkten in Frankfurt (Oder), Potsdam und dem SLZB Berlin:<\/h4>\n<ul>\n<li>Martin Setz (UJKC Potsdam) 3. Platz bei den Europameisterschaften der U20 2014 im Einzel und mit der Mannschaft<\/li>\n<li>Nathan Boduch (Frankfurt\/Oder)<\/li>\n<li>Konstantin Schl\u00e4fke (Frankfurt\/Oder)<\/li>\n<li>Jerom\u00e9 Reuter (SLZB Berlin)<\/li>\n<\/ul>\n<p>Ehemalige Sportsch\u00fcler:<\/p>\n<ul>\n<li>Henrike M\u00fchl (UJKC Potsdam)<\/li>\n<li>Vanessa Trajev (JC 90 Frankfurt\/Oder)<\/li>\n<\/ul>\n<p>Der JSV Bernau e.V. z\u00e4hlt z.Zt. 355 aktive Mitglieder (Stand: November 2024). Alle 8 Vorstandsmitglieder und die derzeit 20 aktiven Trainer und \u00dcbungsleiter arbeiten ehrenamtlich. Unser Bestreben ist es, sozialvertr\u00e4gliche und familienfreundliche Mitgliedsbeitr\u00e4ge von unseren Mitgliedern zu erheben, um jeden den Judosport zu erm\u00f6glichen. Wir trainieren an den Trainingsorten Bernau, Zepernick und Sch\u00f6now.<\/p>\n<p><strong>Mitglied im Verein kann jeder werden, der Lust am Wettkampfsport Judo hat und sich sportlich bet\u00e4tigen will. Der Verein ist offen f\u00fcr alle Altersklassen, f\u00fcr Anf\u00e4nger aber auch f\u00fcr Wiedereinsteiger.<\/strong><\/p>\n<hr \/>\n<h2>Noch kein Mitglied bei uns?<\/h2>\n<p><a class=\"standard-btn blue-btn\" href=\"..\/mitgliedschaft\/\"><span>Jetzt informieren!<\/span><\/a> <a class=\"standard-btn blue-btn\" href=\"..\/..\/mitglied_werden\/\"><span>Angebot des JSV Bernau<\/span><\/a><\/p>\n","protected":false},"excerpt":{"rendered":"<p>Unser Verein ist am 2. Mai 1990 als Polizeisportverein Bernau e.V. (PSV Bernau) gegr\u00fcndet worden. Am 6. Oktober 2014 beschloss die Mitgliederversammlung die Umbenennung des PSV Bernau in den Judo Sportverein Bernau e.V. (JSV Bernau). Durch die Namens\u00e4nderung soll die Sportart Judo weiter in den Fokus der \u00f6ffentlichen Wahrnehmung ger\u00fcckt und eine st\u00e4rkere Eigenst\u00e4ndigkeit demonstriert werden. Von Anfang an hatte der Kinder- und Jugendsport einen sehr hohen Stellenwert. Die Vereinsgeschichte geht jedoch bis auf die seit M\u00e4rz 1956 bestehende Sektion Judo der SG Dynamo Bernau zur\u00fcck. Dies war die Geburtsstunde des Judosports in Bernau. Schon bald galten die Judoka aus Bernau im damaligen Bezirk Frankfurt (Oder) (ehemalige DDR) als \u00e4u\u00dferst kampfstark. Von Anfang an hatte der Kinder- und Jugendsport einen sehr hohen Stellenwert. F\u00fcr besonders leistungsstarke Judoka im Kinder- und Jugendbereich wurde im Jahr 1973 das Trainingszentrum (TZ) JUDO der SG Dynamo Bernau gebildet. Ein wesentliches Ziel war die Delegierung der besten Sportler an die Kinder- und Jugend-Sportschule (KJS). Einen ma\u00dfgeblich hohen Anteil an der Judogeschichte in Bernau hatte der hauptamtliche TZ-Trainer G\u00fcnter Seidler. Mit &hellip;<\/p>\n","protected":false},"author":1,"featured_media":0,"parent":1370,"menu_order":21,"comment_status":"closed","ping_status":"closed","template":"","meta":{"ngg_post_thumbnail":0,"jetpack_post_was_ever_published":false,"footnotes":""},"class_list":["post-15","page","type-page","status-publish","hentry"],"jetpack_shortlink":"https:\/\/wp.me\/P5TGCK-f","jetpack_sharing_enabled":true,"_links":{"self":[{"href":"https:\/\/www.jsv-bernau.de\/jsv\/wp-json\/wp\/v2\/pages\/15","targetHints":{"allow":["GET"]}}],"collection":[{"href":"https:\/\/www.jsv-bernau.de\/jsv\/wp-json\/wp\/v2\/pages"}],"about":[{"href":"https:\/\/www.jsv-bernau.de\/jsv\/wp-json\/wp\/v2\/types\/page"}],"author":[{"embeddable":true,"href":"https:\/\/www.jsv-bernau.de\/jsv\/wp-json\/wp\/v2\/users\/1"}],"replies":[{"embeddable":true,"href":"https:\/\/www.jsv-bernau.de\/jsv\/wp-json\/wp\/v2\/comments?post=15"}],"version-history":[{"count":62,"href":"https:\/\/www.jsv-bernau.de\/jsv\/wp-json\/wp\/v2\/pages\/15\/revisions"}],"predecessor-version":[{"id":9384,"href":"https:\/\/www.jsv-bernau.de\/jsv\/wp-json\/wp\/v2\/pages\/15\/revisions\/9384"}],"up":[{"embeddable":true,"href":"https:\/\/www.jsv-bernau.de\/jsv\/wp-json\/wp\/v2\/pages\/1370"}],"wp:attachment":[{"href":"https:\/\/www.jsv-bernau.de\/jsv\/wp-json\/wp\/v2\/media?parent=15"}],"curies":[{"name":"wp","href":"https:\/\/api.w.org\/{rel}","templated":true}]}}