{"id":25,"date":"2015-01-17T15:14:27","date_gmt":"2015-01-17T14:14:27","guid":{"rendered":"https:\/\/www.jsv-bernau.de\/jsv\/?page_id=25"},"modified":"2025-12-05T00:22:44","modified_gmt":"2025-12-04T23:22:44","slug":"trainer","status":"publish","type":"page","link":"https:\/\/www.jsv-bernau.de\/jsv\/verein\/trainer\/","title":{"rendered":"Trainer"},"content":{"rendered":"<p>Alle unsere Trainer sind vom DJB zertifiziert. Sie bringen dich deinem Trainingsziel n\u00e4her und unterst\u00fctzen dich bei den Wettk\u00e4mpfen.<\/p>\n<h1>Standort Bernau<\/h1>\n<div class=\"three-columns-one\"><div class=\"white-box\">\n<a href=\"https:\/\/www.jsv-bernau.de\/jsv\/wp-content\/uploads\/page\/25\/trainer_ralf_barnier.jpg\"><img loading=\"lazy\" class=\"aligncenter wp-image-1830 size-full\" title=\"Ralf Bannier\" src=\"https:\/\/www.jsv-bernau.de\/jsv\/wp-content\/uploads\/page\/25\/trainer_ralf_barnier.jpg\" alt=\"\" width=\"400\" height=\"400\" srcset=\"https:\/\/www.jsv-bernau.de\/jsv\/wp-content\/uploads\/page\/25\/trainer_ralf_barnier.jpg 400w, https:\/\/www.jsv-bernau.de\/jsv\/wp-content\/uploads\/page\/25\/trainer_ralf_barnier-120x120.jpg 120w\" sizes=\"(max-width: 400px) 100vw, 400px\" \/><\/a><\/p>\n<h4 style=\"text-align: center;\">Ralf Bannier<\/h4>\n<p style=\"text-align: center;\">Graduierung: 2. Dan<\/p>\n<hr \/>\n<p style=\"text-align: center;\">Jahrgang: 1958<br \/>\nMitglied seit: 1983<br \/>\nTrainer seit: 1983<\/p>\n<hr \/>\n<p style=\"text-align: center;\">Trainingsgruppe:<br \/>\n<a href=\"https:\/\/www.jsv-bernau.de\/jsv\/teams\/anfaenger\/\">Anf\u00e4nger<br \/>\n<\/a><\/p>\n<\/div><\/div>\n<div class=\"three-columns-one\"><div class=\"white-box\">\n<a href=\"https:\/\/www.jsv-bernau.de\/jsv\/wp-content\/uploads\/page\/25\/trainer_dirk_schlicht.jpg\"><img loading=\"lazy\" class=\" wp-image-3378 size-full aligncenter\" title=\"Dirk Schlicht\" src=\"https:\/\/www.jsv-bernau.de\/jsv\/wp-content\/uploads\/page\/25\/trainer_dirk_schlicht.jpg\" alt=\"\" width=\"400\" height=\"400\" srcset=\"https:\/\/www.jsv-bernau.de\/jsv\/wp-content\/uploads\/page\/25\/trainer_dirk_schlicht.jpg 400w, https:\/\/www.jsv-bernau.de\/jsv\/wp-content\/uploads\/page\/25\/trainer_dirk_schlicht-120x120.jpg 120w\" sizes=\"(max-width: 400px) 100vw, 400px\" \/><\/a><\/p>\n<h4 style=\"text-align: center;\">Dirk Schlicht<\/h4>\n<p style=\"text-align: center;\">Graduierung: 2. Dan<\/p>\n<hr \/>\n<p style=\"text-align: center;\">Jahrgang: 1958<br \/>\nMitglied seit: 1970<br \/>\nTrainer seit: 1979<\/p>\n<hr \/>\n<p style=\"text-align: center;\">Trainingsgruppe:<br \/>\nU9, <a href=\"https:\/\/www.jsv-bernau.de\/jsv\/teams\/u11\/\">U11<\/a><\/p>\n<\/div><\/div>\n<div class=\"three-columns-one last\"><div class=\"white-box\">\n<p><img loading=\"lazy\" class=\"size-full wp-image-1846 aligncenter\" src=\"https:\/\/www.jsv-bernau.de\/jsv\/wp-content\/uploads\/page\/25\/platzhalter_trainer_400x400px.jpg\" alt=\"\" width=\"400\" height=\"400\" srcset=\"https:\/\/www.jsv-bernau.de\/jsv\/wp-content\/uploads\/page\/25\/platzhalter_trainer_400x400px.jpg 400w, https:\/\/www.jsv-bernau.de\/jsv\/wp-content\/uploads\/page\/25\/platzhalter_trainer_400x400px-120x120.jpg 120w\" sizes=\"(max-width: 400px) 100vw, 400px\" \/><\/p>\n<h4 style=\"text-align: center;\">Michel Graf<\/h4>\n<p style=\"text-align: center;\">Graduierung: 1. Kyu<\/p>\n<hr \/>\n<p style=\"text-align: center;\">Jahrgang:<br \/>\nMitglied seit:<br \/>\nTrainer seit:<\/p>\n<hr \/>\n<p style=\"text-align: center;\">Trainingsgruppe:<br \/>\nU9, U11, U13, U15<\/p>\n<\/div><\/div>\n<div class=\"three-columns-one\"><div class=\"white-box\">\n<p><img loading=\"lazy\" class=\"size-full wp-image-1846 aligncenter\" src=\"https:\/\/www.jsv-bernau.de\/jsv\/wp-content\/uploads\/page\/25\/platzhalter_trainer_400x400px.jpg\" alt=\"\" width=\"400\" height=\"400\" srcset=\"https:\/\/www.jsv-bernau.de\/jsv\/wp-content\/uploads\/page\/25\/platzhalter_trainer_400x400px.jpg 400w, https:\/\/www.jsv-bernau.de\/jsv\/wp-content\/uploads\/page\/25\/platzhalter_trainer_400x400px-120x120.jpg 120w\" sizes=\"(max-width: 400px) 100vw, 400px\" \/><\/p>\n<h4 style=\"text-align: center;\">Andreas Fischer<\/h4>\n<p style=\"text-align: center;\">Graduierung:<\/p>\n<hr \/>\n<p style=\"text-align: center;\">Jahrgang:<br \/>\nMitglied seit:<br \/>\nTrainer seit:<\/p>\n<hr \/>\n<p style=\"text-align: center;\">Trainingsgruppe:<br \/>\nU13, U15<\/p>\n<\/div><\/div>\n<div class=\"three-columns-one\"><div class=\"white-box\">\n<a href=\"https:\/\/www.jsv-bernau.de\/jsv\/wp-content\/uploads\/page\/25\/trainer_hartmut_ott.jpg\"><img loading=\"lazy\" class=\" wp-image-4240 size-full aligncenter\" title=\"Hartmut Ott\" src=\"https:\/\/www.jsv-bernau.de\/jsv\/wp-content\/uploads\/page\/25\/trainer_hartmut_ott.jpg\" alt=\"\" width=\"400\" height=\"400\" srcset=\"https:\/\/www.jsv-bernau.de\/jsv\/wp-content\/uploads\/page\/25\/trainer_hartmut_ott.jpg 400w, https:\/\/www.jsv-bernau.de\/jsv\/wp-content\/uploads\/page\/25\/trainer_hartmut_ott-120x120.jpg 120w\" sizes=\"(max-width: 400px) 100vw, 400px\" \/><\/a><\/p>\n<h4 style=\"text-align: center;\">Hartmut Ott<\/h4>\n<p style=\"text-align: center;\">Graduierung: 5. Dan<\/p>\n<hr \/>\n<p style=\"text-align: center;\">Jahrgang: 1963<br \/>\nMitglied seit: 1971<br \/>\nTrainer seit: 1979<\/p>\n<hr \/>\n<p style=\"text-align: center;\">Trainingsgruppe:<br \/>\nab U18, <a href=\"https:\/\/www.jsv-bernau.de\/jsv\/teams\/maennerfrauen\/\">M\u00e4\/Fr<\/a>, Fitness<\/p>\n<\/div><\/div>\n<div class=\"three-columns-one last\"><div class=\"white-box\">\n<p><img loading=\"lazy\" class=\"size-full wp-image-1846 aligncenter\" src=\"https:\/\/www.jsv-bernau.de\/jsv\/wp-content\/uploads\/page\/25\/platzhalter_trainer_400x400px.jpg\" alt=\"\" width=\"400\" height=\"400\" srcset=\"https:\/\/www.jsv-bernau.de\/jsv\/wp-content\/uploads\/page\/25\/platzhalter_trainer_400x400px.jpg 400w, https:\/\/www.jsv-bernau.de\/jsv\/wp-content\/uploads\/page\/25\/platzhalter_trainer_400x400px-120x120.jpg 120w\" sizes=\"(max-width: 400px) 100vw, 400px\" \/><\/p>\n<h4 style=\"text-align: center;\">Marco Patzwall<\/h4>\n<p style=\"text-align: center;\">Graduierung: 2. Dan<\/p>\n<hr \/>\n<p style=\"text-align: center;\">Jahrgang:<br \/>\nMitglied seit:<br \/>\nTrainer seit:<\/p>\n<hr \/>\n<p style=\"text-align: center;\">Trainingsgruppe:<br \/>\nab U18, <a href=\"https:\/\/www.jsv-bernau.de\/jsv\/teams\/maennerfrauen\/\">M\u00e4\/Fr<\/a>, Fitness<\/p>\n<\/div><\/div>\n<div class=\"three-columns-one\"><div class=\"white-box\">\n<a href=\"https:\/\/www.jsv-bernau.de\/jsv\/wp-content\/uploads\/page\/25\/trainer_frank_opitz.jpg\"><img loading=\"lazy\" class=\"aligncenter size-full wp-image-3884\" title=\"Frank Opitz\" src=\"https:\/\/www.jsv-bernau.de\/jsv\/wp-content\/uploads\/page\/25\/trainer_frank_opitz.jpg\" alt=\"\" width=\"400\" height=\"400\" srcset=\"https:\/\/www.jsv-bernau.de\/jsv\/wp-content\/uploads\/page\/25\/trainer_frank_opitz.jpg 400w, https:\/\/www.jsv-bernau.de\/jsv\/wp-content\/uploads\/page\/25\/trainer_frank_opitz-120x120.jpg 120w\" sizes=\"(max-width: 400px) 100vw, 400px\" \/><\/a><\/p>\n<h4 style=\"text-align: center;\">Frank Opitz<\/h4>\n<p style=\"text-align: center;\">Graduierung: 3. Dan<\/p>\n<hr \/>\n<p style=\"text-align: center;\">Jahrgang: 1961<br \/>\nMitglied seit: 1998<br \/>\nTrainer seit: 2000<\/p>\n<hr \/>\n<p style=\"text-align: center;\">Trainingsgruppe:<br \/>\n<a href=\"https:\/\/www.jsv-bernau.de\/jsv\/teams\/ue30\/\">\u00dc30<\/a><\/p>\n<\/div><\/div>\n<div class=\"three-columns-one last\"><div class=\"white-box\">\n<a href=\"https:\/\/www.jsv-bernau.de\/jsv\/wp-content\/uploads\/page\/25\/trainer_thomas_troche.jpg\"><img loading=\"lazy\" class=\" wp-image-3376 size-full aligncenter\" title=\"Thomas Troche\" src=\"https:\/\/www.jsv-bernau.de\/jsv\/wp-content\/uploads\/page\/25\/trainer_thomas_troche.jpg\" alt=\"\" width=\"400\" height=\"400\" srcset=\"https:\/\/www.jsv-bernau.de\/jsv\/wp-content\/uploads\/page\/25\/trainer_thomas_troche.jpg 400w, https:\/\/www.jsv-bernau.de\/jsv\/wp-content\/uploads\/page\/25\/trainer_thomas_troche-120x120.jpg 120w\" sizes=\"(max-width: 400px) 100vw, 400px\" \/><\/a><\/p>\n<h4 style=\"text-align: center;\">Thomas Troche<\/h4>\n<p style=\"text-align: center;\">Graduierung: 3. Dan<\/p>\n<hr \/>\n<p style=\"text-align: center;\">Jahrgang: 1969<br \/>\nMitglied seit: 2010<br \/>\nTrainer seit: 2012<\/p>\n<hr \/>\n<p style=\"text-align: center;\">Trainingsgruppe:<br \/>\nFitness<\/p>\n<\/div><\/div>\n<div class=\"divider\"><\/div>\n<h1>Standort\u00a0Zepernick<\/h1>\n<div class=\"three-columns-one\"><div class=\"white-box\">\n<p><img loading=\"lazy\" class=\"size-full wp-image-1846 aligncenter\" src=\"https:\/\/www.jsv-bernau.de\/jsv\/wp-content\/uploads\/page\/25\/platzhalter_trainer_400x400px.jpg\" alt=\"\" width=\"400\" height=\"400\" srcset=\"https:\/\/www.jsv-bernau.de\/jsv\/wp-content\/uploads\/page\/25\/platzhalter_trainer_400x400px.jpg 400w, https:\/\/www.jsv-bernau.de\/jsv\/wp-content\/uploads\/page\/25\/platzhalter_trainer_400x400px-120x120.jpg 120w\" sizes=\"(max-width: 400px) 100vw, 400px\" \/><\/p>\n<h4 style=\"text-align: center;\">Kristian Krappig<\/h4>\n<p style=\"text-align: center;\">Graduierung:<\/p>\n<hr \/>\n<p style=\"text-align: center;\">Jahrgang:<br \/>\nMitglied seit:<br \/>\nTrainer seit:<\/p>\n<hr \/>\n<p style=\"text-align: center;\">Trainingsgruppe:<br \/>\nU9, U11, U13, U15<\/p>\n<\/div><\/div>\n<div class=\"three-columns-one\"><div class=\"white-box\">\n<p><img loading=\"lazy\" class=\"size-full wp-image-1846 aligncenter\" src=\"https:\/\/www.jsv-bernau.de\/jsv\/wp-content\/uploads\/page\/25\/platzhalter_trainer_400x400px.jpg\" alt=\"\" width=\"400\" height=\"400\" srcset=\"https:\/\/www.jsv-bernau.de\/jsv\/wp-content\/uploads\/page\/25\/platzhalter_trainer_400x400px.jpg 400w, https:\/\/www.jsv-bernau.de\/jsv\/wp-content\/uploads\/page\/25\/platzhalter_trainer_400x400px-120x120.jpg 120w\" sizes=\"(max-width: 400px) 100vw, 400px\" \/><\/p>\n<h4 style=\"text-align: center;\">Maximilian Domenick<\/h4>\n<p style=\"text-align: center;\">Graduierung:<\/p>\n<hr \/>\n<p style=\"text-align: center;\">Jahrgang:<br \/>\nMitglied seit:<br \/>\nTrainer seit:<\/p>\n<hr \/>\n<p style=\"text-align: center;\">Trainingsgruppe:<br \/>\nU9, U11<\/p>\n<p style=\"text-align: center;\"><\/div><\/div>\n<div class=\"three-columns-one last\"><div class=\"white-box\">\n<p><img loading=\"lazy\" class=\"size-full wp-image-1846 aligncenter\" src=\"https:\/\/www.jsv-bernau.de\/jsv\/wp-content\/uploads\/page\/25\/platzhalter_trainer_400x400px.jpg\" alt=\"\" width=\"400\" height=\"400\" srcset=\"https:\/\/www.jsv-bernau.de\/jsv\/wp-content\/uploads\/page\/25\/platzhalter_trainer_400x400px.jpg 400w, https:\/\/www.jsv-bernau.de\/jsv\/wp-content\/uploads\/page\/25\/platzhalter_trainer_400x400px-120x120.jpg 120w\" sizes=\"(max-width: 400px) 100vw, 400px\" \/><\/p>\n<h4 style=\"text-align: center;\">Ren\u00e9 Keil<\/h4>\n<p style=\"text-align: center;\">Graduierung: 3. Dan<\/p>\n<hr \/>\n<p style=\"text-align: center;\">Jahrgang: 1979<br \/>\nMitglied seit: 2015<br \/>\nTrainer seit: 1996<\/p>\n<hr \/>\n<p style=\"text-align: center;\">Trainingsgruppe:<br \/>\nU13, U15, Kata Training f\u00fcr alle Interessierten<\/div><\/div>\n<p style=\"text-align: center;\"><div class=\"three-columns-one\"><div class=\"white-box\">\n<a href=\"https:\/\/www.jsv-bernau.de\/jsv\/wp-content\/uploads\/page\/25\/trainer_frank_opitz.jpg\"><img loading=\"lazy\" class=\"aligncenter size-full wp-image-3884\" title=\"Frank Opitz\" src=\"https:\/\/www.jsv-bernau.de\/jsv\/wp-content\/uploads\/page\/25\/trainer_frank_opitz.jpg\" alt=\"\" width=\"400\" height=\"400\" srcset=\"https:\/\/www.jsv-bernau.de\/jsv\/wp-content\/uploads\/page\/25\/trainer_frank_opitz.jpg 400w, https:\/\/www.jsv-bernau.de\/jsv\/wp-content\/uploads\/page\/25\/trainer_frank_opitz-120x120.jpg 120w\" sizes=\"(max-width: 400px) 100vw, 400px\" \/><\/a><\/p>\n<h4 style=\"text-align: center;\">Frank Opitz<\/h4>\n<p style=\"text-align: center;\">Graduierung: 3. Dan<\/p>\n<hr \/>\n<p style=\"text-align: center;\">Jahrgang: 1961<br \/>\nMitglied seit: 1998<br \/>\nTrainer seit: 2000<\/p>\n<hr \/>\n<p style=\"text-align: center;\">Trainingsgruppe:<br \/>\nKata Training f\u00fcr alle Interessierten<\/p>\n<\/div><\/div><\/p>\n<div class=\"three-columns-one last\"><div class=\"white-box\">\n<a href=\"https:\/\/www.jsv-bernau.de\/jsv\/wp-content\/uploads\/page\/25\/trainer_hendrik_krause.jpg\"><img loading=\"lazy\" class=\"aligncenter wp-image-3196 size-full\" title=\"Hendrik Krause\" src=\"https:\/\/www.jsv-bernau.de\/jsv\/wp-content\/uploads\/page\/25\/trainer_hendrik_krause.jpg\" alt=\"\" width=\"400\" height=\"400\" srcset=\"https:\/\/www.jsv-bernau.de\/jsv\/wp-content\/uploads\/page\/25\/trainer_hendrik_krause.jpg 400w, https:\/\/www.jsv-bernau.de\/jsv\/wp-content\/uploads\/page\/25\/trainer_hendrik_krause-120x120.jpg 120w\" sizes=\"(max-width: 400px) 100vw, 400px\" \/><\/a><\/p>\n<h4 style=\"text-align: center;\">Hendrik Krause<\/h4>\n<p style=\"text-align: center;\">Graduierung: 4. Dan<\/p>\n<hr \/>\n<p style=\"text-align: center;\">Jahrgang: 1968<br \/>\nMitglied seit: 2006<br \/>\nTrainer seit: 2013<\/p>\n<hr \/>\n<p style=\"text-align: center;\">Trainingsgruppe:<br \/>\nKata Training f\u00fcr alle Interessierten<\/p>\n<\/div><\/div>\n<div class=\"divider\"><\/div>\n<h1>Standort\u00a0Sch\u00f6now<\/h1>\n<div class=\"three-columns-one\"><div class=\"white-box\">\n<a href=\"https:\/\/www.jsv-bernau.de\/jsv\/wp-content\/uploads\/page\/25\/trainer_frank_opitz.jpg\"><img loading=\"lazy\" class=\"aligncenter size-full wp-image-3884\" title=\"Frank Opitz\" src=\"https:\/\/www.jsv-bernau.de\/jsv\/wp-content\/uploads\/page\/25\/trainer_frank_opitz.jpg\" alt=\"\" width=\"400\" height=\"400\" srcset=\"https:\/\/www.jsv-bernau.de\/jsv\/wp-content\/uploads\/page\/25\/trainer_frank_opitz.jpg 400w, https:\/\/www.jsv-bernau.de\/jsv\/wp-content\/uploads\/page\/25\/trainer_frank_opitz-120x120.jpg 120w\" sizes=\"(max-width: 400px) 100vw, 400px\" \/><\/a><\/p>\n<h4 style=\"text-align: center;\">Frank Opitz<\/h4>\n<p style=\"text-align: center;\">Graduierung: 3. Dan<\/p>\n<hr \/>\n<p style=\"text-align: center;\">Jahrgang: 1961<br \/>\nMitglied seit: 1998<br \/>\nTrainer seit: 2000<\/p>\n<hr \/>\n<p style=\"text-align: center;\">Trainingsgruppe:<br \/>\nAnf\u00e4nger, U9, U11, U13<\/p>\n<\/div><\/div>\n<div class=\"three-columns-one last\"><div class=\"white-box\">\n<a href=\"https:\/\/www.jsv-bernau.de\/jsv\/wp-content\/uploads\/page\/25\/trainer_jens_katzorke.jpg\"><img loading=\"lazy\" class=\"aligncenter size-full wp-image-3922\" title=\"Jens Katzorke\" src=\"https:\/\/www.jsv-bernau.de\/jsv\/wp-content\/uploads\/page\/25\/trainer_jens_katzorke.jpg\" alt=\"\" width=\"400\" height=\"400\" srcset=\"https:\/\/www.jsv-bernau.de\/jsv\/wp-content\/uploads\/page\/25\/trainer_jens_katzorke.jpg 400w, https:\/\/www.jsv-bernau.de\/jsv\/wp-content\/uploads\/page\/25\/trainer_jens_katzorke-120x120.jpg 120w\" sizes=\"(max-width: 400px) 100vw, 400px\" \/><\/a><\/p>\n<h4 style=\"text-align: center;\">Jens Katzorke<\/h4>\n<p style=\"text-align: center;\">Graduierung: 4. Dan<\/p>\n<hr \/>\n<p style=\"text-align: center;\">Jahrgang: 1967<br \/>\nMitglied seit: 2011<br \/>\nTrainer seit: 1988<\/p>\n<hr \/>\n<p style=\"text-align: center;\">Trainingsgruppe:<br \/>\nSelbstverteidigung und Fitness<\/p>\n<\/div><\/div>\n<div class=\"divider\"><\/div>\n","protected":false},"excerpt":{"rendered":"<p>Alle unsere Trainer sind vom DJB zertifiziert. Sie bringen dich deinem Trainingsziel n\u00e4her und unterst\u00fctzen dich bei den Wettk\u00e4mpfen. Standort Bernau Standort\u00a0Zepernick Standort\u00a0Sch\u00f6now<\/p>\n","protected":false},"author":1,"featured_media":0,"parent":1370,"menu_order":25,"comment_status":"closed","ping_status":"closed","template":"","meta":{"ngg_post_thumbnail":0},"_links":{"self":[{"href":"https:\/\/www.jsv-bernau.de\/jsv\/wp-json\/wp\/v2\/pages\/25"}],"collection":[{"href":"https:\/\/www.jsv-bernau.de\/jsv\/wp-json\/wp\/v2\/pages"}],"about":[{"href":"https:\/\/www.jsv-bernau.de\/jsv\/wp-json\/wp\/v2\/types\/page"}],"author":[{"embeddable":true,"href":"https:\/\/www.jsv-bernau.de\/jsv\/wp-json\/wp\/v2\/users\/1"}],"replies":[{"embeddable":true,"href":"https:\/\/www.jsv-bernau.de\/jsv\/wp-json\/wp\/v2\/comments?post=25"}],"version-history":[{"count":121,"href":"https:\/\/www.jsv-bernau.de\/jsv\/wp-json\/wp\/v2\/pages\/25\/revisions"}],"predecessor-version":[{"id":9413,"href":"https:\/\/www.jsv-bernau.de\/jsv\/wp-json\/wp\/v2\/pages\/25\/revisions\/9413"}],"up":[{"embeddable":true,"href":"https:\/\/www.jsv-bernau.de\/jsv\/wp-json\/wp\/v2\/pages\/1370"}],"wp:attachment":[{"href":"https:\/\/www.jsv-bernau.de\/jsv\/wp-json\/wp\/v2\/media?parent=25"}],"curies":[{"name":"wp","href":"https:\/\/api.w.org\/{rel}","templated":true}]}}