{"id":27,"date":"2015-01-17T15:14:39","date_gmt":"2015-01-17T14:14:39","guid":{"rendered":"https:\/\/www.jsv-bernau.de\/jsv\/?page_id=27"},"modified":"2025-03-09T16:49:21","modified_gmt":"2025-03-09T15:49:21","slug":"trainingszeiten","status":"publish","type":"page","link":"https:\/\/www.jsv-bernau.de\/jsv\/verein\/trainingszeiten\/","title":{"rendered":"Trainingszeiten &#038; -orte"},"content":{"rendered":"<div class=\"blue-box\">\n<h2>Ferientraining (findet nur in Bernau statt)<\/h2>\n<div class=\"two-columns-one\">\n<h4>Altersklassen: U9, U11, U13<\/h4>\n<p>Montag 15:30 &#8211; 17:00 Uhr<br \/>\nDonnerstag 15:30 &#8211; 17:00 Uhr<\/div><div class=\"two-columns-one last\">\n<h4>Altersklassen: ab U1<strong>5<\/strong><\/h4>\n<p>Montag 17:00 &#8211; 19:00 Uhr<br \/>\nDonnerstag 17:00 &#8211; 19:00 Uhr<\/div><br \/>\n<\/div><div class=\"three-columns-one\">\n<h2>Bernau<\/h2>\n<p>Bernau, Heinersdorfer Stra\u00dfe 52<br \/>\n(Eingang beim Anbau)<\/p>\n<a class=\"standard-btn blue-btn\" href=\"https:\/\/www.google.com\/maps\/embed?pb=!1m18!1m12!1m3!1d2419.198426878145!2d13.574497025788121!3d52.67445450364105!2m3!1f0!2f0!3f0!3m2!1i1024!2i768!4f13.1!3m3!1m2!1s0x47a9b3bf8def8a39%3A0xccc1128ca3178f2c!2sHeinersdorfer+Str.+52%2C+16321+Bernau!5e0!3m2!1sde!2sde!4v1422893306425\"><span>Stadtplan ansehen<\/span><\/a>\n<div id=\"attachment_515\" style=\"width: 310px\" class=\"wp-caption alignnone\"><a href=\"https:\/\/www.jsv-bernau.de\/jsv\/wp-content\/uploads\/page\/17\/halle_bernau2.jpg\"><img aria-describedby=\"caption-attachment-515\" loading=\"lazy\" class=\"wp-image-515\" src=\"https:\/\/www.jsv-bernau.de\/jsv\/wp-content\/uploads\/page\/17\/halle_bernau2.jpg\" alt=\"Kampfsporthalle Bernau\" width=\"300\" height=\"200\" \/><\/a><p id=\"caption-attachment-515\" class=\"wp-caption-text\">Kampfsporthalle Bernau<\/p><\/div>\n<h4>Ansprechpartner:<\/h4>\n<ul>\n<li>Hartmut Ott<\/li>\n<li>Frank Opitz<\/li>\n<li>Thomas Troche<\/li>\n<\/ul>\n<hr \/>\n<h4>Trainingszeiten:<\/h4>\n<h6><strong>Altersklasse Anf\u00e4nger Kinder<\/strong><\/h6>\n<p><em>Trainer:<\/em> Ralf Bannier<\/p>\n<p>Montag 15:30 &#8211; 16:15 Uhr<br \/>\nMittwoch 15:30 &#8211; 17:00 Uhr<\/p>\n<h6><strong>Altersklasse U9,\u00a0 U11<\/strong><\/h6>\n<p><em>Trainer:<\/em> Dirk Schlicht, Mich\u00e9le Graf<\/p>\n<p>Montag 16:30 &#8211; 18:00 Uhr<br \/>\nDonnerstag 15:30 &#8211; 17:00 Uhr<\/p>\n<h6><strong>Altersklasse U13, U15<\/strong><\/h6>\n<p><em>Trainer:<\/em> Andreas Fischer, Mich\u00e9le Graf<\/p>\n<p>Dienstag 16:30 &#8211; 18:00 Uhr<br \/>\nMittwoch 17:00 &#8211; 19:00 Uhr<br \/>\nFreitag 15:30 &#8211; 17:00 Uhr<\/p>\n<h6><strong>Altersklassen U18, U21, M\u00e4nner\/Frauen<\/strong><\/h6>\n<p><em>Trainer:<\/em> Hartmut Ott, Marco Patzwall<\/p>\n<p>Montag 18:15 &#8211; 20:00 Uhr<br \/>\nDienstag 18:15 &#8211; 20:00 Uhr<br \/>\nDonnerstag 18:30 &#8211; 20:00 Uhr<\/p>\n<h6><strong>Altersklasse \u00dc30<\/strong><\/h6>\n<p><em>Trainer:<\/em> Frank Opitz, Ren\u00e9 Keil, Sebastian Hesse<\/p>\n<p>Mittwoch 19:00 &#8211; 21:00 Uhr<\/p>\n<h6><strong>Fitness<br \/>\n<\/strong><\/h6>\n<p><em>Trainer<\/em>: Hartmut Ott, Thomas Troche<\/p>\n<p>Freitag 17:00 &#8211; 18:30 Uhr<\/div><div class=\"three-columns-one\">\n<h2>Zepernick<\/h2>\n<p>Zepernick, Gesamtschule Zepernick<br \/>\n(Alte Turnhalle)<\/p>\n<a class=\"standard-btn blue-btn\" href=\"https:\/\/www.google.com\/maps\/embed?pb=!1m18!1m12!1m3!1d2420.1868801592163!2d13.530393!3d52.65660200000001!2m3!1f0!2f0!3f0!3m2!1i1024!2i768!4f13.1!3m3!1m2!1s0x47a9b2ff21d8e479%3A0x58040f595dea0d5!2sSch%C3%B6nerlinder+Str.+83%2C+16341+Panketal!5e0!3m2!1sde!2sde!4v1422893764125\"><span>Stadtplan ansehen<\/span><\/a>\n<div id=\"attachment_518\" style=\"width: 310px\" class=\"wp-caption alignnone\"><a href=\"https:\/\/www.jsv-bernau.de\/jsv\/wp-content\/uploads\/page\/17\/halle_zepernick.jpg\"><img aria-describedby=\"caption-attachment-518\" loading=\"lazy\" class=\"wp-image-518 size-full\" src=\"https:\/\/www.jsv-bernau.de\/jsv\/wp-content\/uploads\/page\/17\/halle_zepernick-e1430353597312.jpg\" alt=\"Alte Turnhalle Zepernick\" width=\"300\" height=\"200\" \/><\/a><p id=\"caption-attachment-518\" class=\"wp-caption-text\">Alte Turnhalle Zepernick<\/p><\/div>\n<h4>Ansprechpartner:<\/h4>\n<ul>\n<li>Kristina Krappig<\/li>\n<\/ul>\n<hr \/>\n<h4>Trainingszeiten:<\/h4>\n<h6><strong>Altersklasse Anf\u00e4nger und U9, U11<br \/>\n<\/strong><\/h6>\n<p><em>Trainer: <\/em>Kristina Krappig, Maximilian Dominick<\/p>\n<p>Mittwoch 16:00 &#8211; 17:30 Uhr<br \/>\nFreitag 16:00 &#8211; 17:30 Uhr<\/p>\n<h6><strong>Altersklasse\u00a0 U13, U15, U18<\/strong><\/h6>\n<p><em>Trainer:<\/em>\u00a0 Kristina Krappig, Ren\u00e9 Keil<\/p>\n<p>Mittwoch 17:30 &#8211; 18:45 Uhr<br \/>\nFreitag 17:30\u00a0 &#8211; 19:00 Uhr<\/p>\n<p><strong>Kata Training f\u00fcr alle Interessierten<br \/>\n<\/strong><\/p>\n<p>Trainer: Hendrik Krause, Frank Opitz, Ren\u00e9 Keil<\/p>\n<p>Freitag 18:30 &#8211; 20:00 Uhr<\/div><div class=\"three-columns-one last\">\n<h2>Sch\u00f6now<\/h2>\n<p>Sch\u00f6now, Grundschule Sch\u00f6now<br \/>\n(Eingang am Parkplatz Heidestr.)<\/p>\n<a class=\"standard-btn blue-btn\" href=\"https:\/\/www.google.com\/maps\/embed?pb=!1m18!1m12!1m3!1d2419.0572987419196!2d13.533721316066888!3d52.677003079844276!2m3!1f0!2f0!3f0!3m2!1i1024!2i768!4f13.1!3m3!1m2!1s0x47a9b2490f653421%3A0x77bad7f36e0deec9!2sGrundschule+Sch%C3%B6now!5e0!3m2!1sde!2sde!4v1480424418823\"><span>Stadtplan ansehen<\/span><\/a>\n<div id=\"attachment_5355\" style=\"width: 310px\" class=\"wp-caption alignnone\"><a href=\"https:\/\/www.jsv-bernau.de\/jsv\/wp-content\/uploads\/page\/27\/halle_sch\u00f6now.jpg\"><img aria-describedby=\"caption-attachment-5355\" loading=\"lazy\" class=\"wp-image-5355\" src=\"https:\/\/www.jsv-bernau.de\/jsv\/wp-content\/uploads\/page\/27\/halle_sch\u00f6now.jpg\" alt=\"Grundschule Sch\u00f6now, Turnhalle\" width=\"300\" height=\"200\" srcset=\"https:\/\/www.jsv-bernau.de\/jsv\/wp-content\/uploads\/page\/27\/halle_sch\u00f6now.jpg 600w, https:\/\/www.jsv-bernau.de\/jsv\/wp-content\/uploads\/page\/27\/halle_sch\u00f6now-420x280.jpg 420w\" sizes=\"(max-width: 300px) 100vw, 300px\" \/><\/a><p id=\"caption-attachment-5355\" class=\"wp-caption-text\">Grundschule Sch\u00f6now, Turnhalle<\/p><\/div>\n<h4>Ansprechpartner:<\/h4>\n<ul>\n<li>Frank Opitz<\/li>\n<li>Jens Katzorke<\/li>\n<\/ul>\n<hr \/>\n<h4>Trainingszeiten:<\/h4>\n<h6><strong>Altersklasse Anf\u00e4nger, U9, U11, U13<\/strong><\/h6>\n<p><em>Trainer:<\/em> Frank Opitz<\/p>\n<p>Mittwoch 16:00 &#8211; 18:00 Uhr<br \/>\nFreitag 16:00 &#8211; 18:00 Uhr<\/p>\n<h6><strong>Selbstverteidigung und Fitness<\/strong><\/h6>\n<p><em>Trainer:<\/em> Jens Katzorke<\/p>\n<p>Dienstag 19:00 &#8211; 20:30 Uhr<\/div><br \/>\n<div class=\"divider\"><\/div><\/p>\n<p>Bitte beachtet, dass die\u00a0hier angegebenen\u00a0regul\u00e4ren Trainingszeiten nicht w\u00e4hrend der Schulferien gelten. Die Ferientrainingszeiten sind am Anfang der Seite angegeben. In den Ferien findet das Training nur in Bernau statt. Selbstverst\u00e4ndlich k\u00f6nnen alle Sportler aus Zepernick und Sch\u00f6now daran teilnehmen. Das Training der \u00dc30 in Bernau und der Selbstverteidigungs- und Fitnessgruppen in Sch\u00f6now und Bernau werden auch in den Ferien regul\u00e4r durchgef\u00fchrt. Kurzfristige\u00a0\u00c4nderungen werden\u00a0zus\u00e4tzlich extra auf der Startseite ver\u00f6ffentlicht oder sind bei den Trainern zu erfragen.<\/p>\n","protected":false},"excerpt":{"rendered":"<p>Bitte beachtet, dass die\u00a0hier angegebenen\u00a0regul\u00e4ren Trainingszeiten nicht w\u00e4hrend der Schulferien gelten. Die Ferientrainingszeiten sind am Anfang der Seite angegeben. In den Ferien findet das Training nur in Bernau statt. Selbstverst\u00e4ndlich k\u00f6nnen alle Sportler aus Zepernick und Sch\u00f6now daran teilnehmen. Das Training der \u00dc30 in Bernau und der Selbstverteidigungs- und Fitnessgruppen in Sch\u00f6now und Bernau werden auch in den Ferien regul\u00e4r durchgef\u00fchrt. Kurzfristige\u00a0\u00c4nderungen werden\u00a0zus\u00e4tzlich extra auf der Startseite ver\u00f6ffentlicht oder sind bei den Trainern zu erfragen.<\/p>\n","protected":false},"author":1,"featured_media":0,"parent":1370,"menu_order":26,"comment_status":"closed","ping_status":"closed","template":"","meta":{"ngg_post_thumbnail":0,"spay_email":""},"jetpack_sharing_enabled":true,"jetpack_shortlink":"https:\/\/wp.me\/P5TGCK-r","_links":{"self":[{"href":"https:\/\/www.jsv-bernau.de\/jsv\/wp-json\/wp\/v2\/pages\/27"}],"collection":[{"href":"https:\/\/www.jsv-bernau.de\/jsv\/wp-json\/wp\/v2\/pages"}],"about":[{"href":"https:\/\/www.jsv-bernau.de\/jsv\/wp-json\/wp\/v2\/types\/page"}],"author":[{"embeddable":true,"href":"https:\/\/www.jsv-bernau.de\/jsv\/wp-json\/wp\/v2\/users\/1"}],"replies":[{"embeddable":true,"href":"https:\/\/www.jsv-bernau.de\/jsv\/wp-json\/wp\/v2\/comments?post=27"}],"version-history":[{"count":88,"href":"https:\/\/www.jsv-bernau.de\/jsv\/wp-json\/wp\/v2\/pages\/27\/revisions"}],"predecessor-version":[{"id":9269,"href":"https:\/\/www.jsv-bernau.de\/jsv\/wp-json\/wp\/v2\/pages\/27\/revisions\/9269"}],"up":[{"embeddable":true,"href":"https:\/\/www.jsv-bernau.de\/jsv\/wp-json\/wp\/v2\/pages\/1370"}],"wp:attachment":[{"href":"https:\/\/www.jsv-bernau.de\/jsv\/wp-json\/wp\/v2\/media?parent=27"}],"curies":[{"name":"wp","href":"https:\/\/api.w.org\/{rel}","templated":true}]}}